{"id":4765,"date":"2024-01-25T15:40:00","date_gmt":"2024-01-25T14:40:00","guid":{"rendered":"https:\/\/transpackmoving.websols.nl\/gebruiksvoorwaarden\/"},"modified":"2024-06-20T17:28:50","modified_gmt":"2024-06-20T15:28:50","slug":"podminky-pouziti","status":"publish","type":"page","link":"https:\/\/www.transpackmoving.com\/cs\/podminky-pouziti\/","title":{"rendered":"Podm\u00ednky pou\u017eit\u00ed"},"content":{"rendered":"\n<style type=\"text\/css\" data-created_by=\"avia_inline_auto\" id=\"style-css-av-z6kps-28ee5ab5881035fd2442a99a3dac8493\">\n.avia-section.av-z6kps-28ee5ab5881035fd2442a99a3dac8493{\nbackground-color:#ffffff;\nbackground-image:url(https:\/\/www.transpackmoving.com\/wp-content\/uploads\/2024\/03\/hero-pexels-chanaka-906494.jpg);\nbackground-repeat:no-repeat;\nbackground-position:50% 100%;\nbackground-attachment:scroll;\nz-index:99;\nposition:relative;\n}\n.av-curtain-footer.av-curtain-activated #main .avia-section.av-z6kps-28ee5ab5881035fd2442a99a3dac8493{\nz-index:99;\n}\n<\/style>\n<div id='av_section_1'  class='avia-section av-z6kps-28ee5ab5881035fd2442a99a3dac8493 main_color avia-section-no-padding avia-no-border-styling  avia-builder-el-0  el_before_av_section  avia-builder-el-first  avia-bg-style-scroll av-custom-positioned av-minimum-height av-minimum-height-custom av-height-custom  container_wrap fullsize'  data-section-bg-repeat='no-repeat' data-av_minimum_height_px='630'><div class='container av-section-cont-open' style='height:630px'><main  role=\"main\" itemprop=\"mainContentOfPage\"  class='template-page content  av-content-full alpha units'><div class='post-entry post-entry-type-page post-entry-4765'><div class='entry-content-wrapper clearfix'>\n\n<style type=\"text\/css\" data-created_by=\"avia_inline_auto\" id=\"style-css-av-lth9vt6y-e9f5ddcdfef8d1a468fb16a00176e9a7\">\n#top .hr.hr-invisible.av-lth9vt6y-e9f5ddcdfef8d1a468fb16a00176e9a7{\nheight:250px;\n}\n<\/style>\n<div  class='hr av-lth9vt6y-e9f5ddcdfef8d1a468fb16a00176e9a7 hr-invisible  avia-builder-el-1  el_before_av_one_full  avia-builder-el-first '><span class='hr-inner '><span class=\"hr-inner-style\"><\/span><\/span><\/div>\n\n<style type=\"text\/css\" data-created_by=\"avia_inline_auto\" id=\"style-css-av-5swv1c-98ee0b037df0d9dcf5eb4ebabf96ce9c\">\n@keyframes av_boxShadowEffect_av-5swv1c-98ee0b037df0d9dcf5eb4ebabf96ce9c-column {\n0%   { box-shadow:  0 0 0 0 rgba(0,0,0,0.2); opacity: 1; }\n100% { box-shadow:  0 0 10px 0 rgba(0,0,0,0.2); opacity: 1; }\n}\n#top .flex_column.av-5swv1c-98ee0b037df0d9dcf5eb4ebabf96ce9c{\nmargin-top:0px;\nmargin-bottom:0px;\n}\n.flex_column.av-5swv1c-98ee0b037df0d9dcf5eb4ebabf96ce9c{\nbox-shadow: 0 0 10px 0 rgba(0,0,0,0.2);\nborder-radius:15px 15px 15px 15px;\npadding:60px 60px 60px 60px;\nbackground-color:#ffffff;\n}\n.responsive #top #wrap_all .flex_column.av-5swv1c-98ee0b037df0d9dcf5eb4ebabf96ce9c{\nmargin-top:0px;\nmargin-bottom:0px;\n}\n\n@media only screen and (min-width: 990px){ \n#top .flex_column.av-5swv1c-98ee0b037df0d9dcf5eb4ebabf96ce9c{\nmargin-bottom:-250px;\n}\n.responsive #top #wrap_all .flex_column.av-5swv1c-98ee0b037df0d9dcf5eb4ebabf96ce9c{\nmargin-bottom:-250px;\n}\n}\n<\/style>\n<div  class='flex_column av-5swv1c-98ee0b037df0d9dcf5eb4ebabf96ce9c av_one_full  avia-builder-el-2  el_after_av_hr  avia-builder-el-last  first flex_column_div shadow-not-animated  '     ><p>\n<style type=\"text\/css\" data-created_by=\"avia_inline_auto\" id=\"style-css-av-lt4ldpya-ad7854d4bbeaffe762532693992817e7\">\n#top .av-special-heading.av-lt4ldpya-ad7854d4bbeaffe762532693992817e7{\npadding-bottom:10px;\n}\nbody .av-special-heading.av-lt4ldpya-ad7854d4bbeaffe762532693992817e7 .av-special-heading-tag .heading-char{\nfont-size:25px;\n}\n.av-special-heading.av-lt4ldpya-ad7854d4bbeaffe762532693992817e7 .av-subheading{\nfont-size:15px;\n}\n<\/style>\n<div  class='av-special-heading av-lt4ldpya-ad7854d4bbeaffe762532693992817e7 av-special-heading-h1 blockquote modern-quote  avia-builder-el-3  el_before_av_textblock  avia-builder-el-first '><h1 class='av-special-heading-tag '  itemprop=\"headline\"  >Podm\u00ednky pou\u017eit\u00ed<\/h1><div class=\"special-heading-border\"><div class=\"special-heading-inner-border\"><\/div><\/div><\/div><br \/>\n<section  class='av_textblock_section av-lt4le7zw-da6a36b5c10d911a37c51f9bef165bc8 '   itemscope=\"itemscope\" itemtype=\"https:\/\/schema.org\/CreativeWork\" ><div class='avia_textblock'  itemprop=\"text\" ><p>U\u017eivatel\u00e9 internetu mohou bezplatn\u011b vyu\u017e\u00edvat slu\u017eby na webu Transpack Moving (<a href=\"https:\/\/www.transpackmoving.com\">https:\/\/www.transpackmoving.com<\/a>).<br \/>\nSkute\u010dnost, \u017ee pou\u017e\u00edv\u00e1te webovou str\u00e1nku Transpack Moving, znamen\u00e1, \u017ee souhlas\u00edte s podm\u00ednkami pou\u017e\u00edv\u00e1n\u00ed webu Transpack Moving.<\/p>\n<\/div><\/section><\/p><\/div><\/div><\/div><\/main><!-- close content main element --><\/div><\/div>\n<style type=\"text\/css\" data-created_by=\"avia_inline_auto\" id=\"style-css-av-3pkgfk-3170fe002a6847fbfc51e24c4933b5dc\">\n.avia-section.av-3pkgfk-3170fe002a6847fbfc51e24c4933b5dc{\nz-index:9;\nposition:relative;\n}\n.av-curtain-footer.av-curtain-activated #main .avia-section.av-3pkgfk-3170fe002a6847fbfc51e24c4933b5dc{\nz-index:9;\n}\n<\/style>\n<div id='av_section_2'  class='avia-section av-3pkgfk-3170fe002a6847fbfc51e24c4933b5dc main_color avia-section-default avia-no-border-styling  avia-builder-el-5  el_after_av_section  avia-builder-el-last  avia-bg-style-scroll av-custom-positioned container_wrap fullsize'  ><div class='container av-section-cont-open' ><div class='template-page content  av-content-full alpha units'><div class='post-entry post-entry-type-page post-entry-4765'><div class='entry-content-wrapper clearfix'>\n\n<style type=\"text\/css\" data-created_by=\"avia_inline_auto\" id=\"style-css-av-lth9xrqs-6438dd5dba4ff3601a2010708146d1f8\">\n#top .hr.hr-invisible.av-lth9xrqs-6438dd5dba4ff3601a2010708146d1f8{\nheight:150px;\n}\n<\/style>\n<div  class='hr av-lth9xrqs-6438dd5dba4ff3601a2010708146d1f8 hr-invisible  avia-builder-el-6  el_before_av_one_full  avia-builder-el-first '><span class='hr-inner '><span class=\"hr-inner-style\"><\/span><\/span><\/div>\n<div  class='flex_column av-p5cw-e1b6b9cf815ef1c5749154854cac7366 av_one_full  avia-builder-el-7  el_after_av_hr  avia-builder-el-last  first flex_column_div  '     ><section  class='av_textblock_section av-lt4lh8um-e8b7fc4403c8139d66566117b6938b74 '   itemscope=\"itemscope\" itemtype=\"https:\/\/schema.org\/CreativeWork\" ><div class='avia_textblock'  itemprop=\"text\" ><h2>Pr\u00e1va k du\u0161evn\u00edmu vlastnictv\u00ed<\/h2>\n<p>Pr\u00e1va du\u0161evn\u00edho vlastnictv\u00ed k softwaru, text\u016fm, obr\u00e1zk\u016fm a\/nebo zvuk\u016fm na webov\u00fdch str\u00e1nk\u00e1ch Transpack Moving pat\u0159\u00ed spole\u010dnosti Transpack Moving. Kop\u00edrov\u00e1n\u00ed, distribuce a publikov\u00e1n\u00ed softwaru, text\u016f, obr\u00e1zk\u016f a\/nebo zvuk\u016f na webov\u00fdch str\u00e1nk\u00e1ch Transpack Moving je povoleno pouze s p\u0159edchoz\u00edm povolen\u00edm.<br \/>\nZas\u00edlejte p\u00edsemn\u00e9 po\u017eadavky spole\u010dnosti Transpack Moving, <a href=\"mailto:info@transpack.nl\">info@transpack.nl<\/a>.<\/p>\n<h2>Prohl\u00e1\u0161en\u00ed o ochran\u011b osobn\u00edch \u00fadaj\u016f<\/h2>\n<p>[Sestavte prohl\u00e1\u0161en\u00ed o ochran\u011b osobn\u00edch \u00fadaj\u016f s bezpe\u010dn\u00fdm pou\u017e\u00edv\u00e1n\u00edm internetu @ <a href=\"https:\/\/veiliginternetten.nl\/privacyverklaring-generator\/start\/\">https:\/\/veiliginternetten.nl\/privacyverklaring-generator\/start\/<\/a>]<\/p>\n<h2>Z\u0159eknut\u00ed se odpov\u011bdnosti<\/h2>\n<p>P\u0159es neust\u00e1lou p\u00e9\u010di a pozornost v\u011bnovanou webov\u00fdm str\u00e1nk\u00e1m Transpack Moving spole\u010dnost Transpack Moving nezaru\u010duje \u00faplnost, spr\u00e1vnost ani aktu\u00e1lnost obsahu webu Transpack Moving.<br \/>\nSpole\u010dnost Transpack Moving nem\u016f\u017ee nikdy n\u00e9st odpov\u011bdnost za p\u0159\u00edm\u00e9 nebo nep\u0159\u00edm\u00e9 \u0161kody vypl\u00fdvaj\u00edc\u00ed z pou\u017e\u00edv\u00e1n\u00ed webov\u00fdch str\u00e1nek Transpack Moving, nemo\u017enosti pou\u017e\u00edvat webov\u00e9 str\u00e1nky Transpack Moving, poskytov\u00e1n\u00ed slu\u017eeb spole\u010dnost\u00ed Transpack Moving nebo nedostate\u010dn\u00e9ho poskytov\u00e1n\u00ed slu\u017eeb spole\u010dnost\u00ed Transpack Moving.<\/p>\n<h2>Dodatky<\/h2>\n<p>Obsah webu Transpack Moving je pravideln\u011b aktualizov\u00e1n. Transpack Moving si vyhrazuje pr\u00e1vo kdykoli a s okam\u017eitou platnost\u00ed bez p\u0159edchoz\u00edho upozorn\u011bn\u00ed zm\u011bnit obsah webov\u00fdch str\u00e1nek Transpack Moving.<\/p>\n<p>Naposledy zm\u011bn\u011bno 27. \u00fanora 2024.<\/p>\n<\/div><\/section><\/div><\/p>\n","protected":false},"excerpt":{"rendered":"","protected":false},"author":2,"featured_media":0,"parent":0,"menu_order":0,"comment_status":"closed","ping_status":"closed","template":"","meta":{"footnotes":""},"class_list":["post-4765","page","type-page","status-publish","hentry"],"yoast_head":"<!-- This site is optimized with the Yoast SEO plugin v26.6 - https:\/\/yoast.com\/wordpress\/plugins\/seo\/ -->\n<title>Podm\u00ednky pou\u017eit\u00ed - Transpack Moving<\/title>\n<meta name=\"robots\" content=\"index, follow, max-snippet:-1, max-image-preview:large, max-video-preview:-1\" \/>\n<link rel=\"canonical\" href=\"https:\/\/www.transpackmoving.com\/cs\/podminky-pouziti\/\" \/>\n<meta property=\"og:locale\" content=\"cs_CZ\" \/>\n<meta property=\"og:type\" content=\"article\" \/>\n<meta property=\"og:title\" content=\"Podm\u00ednky pou\u017eit\u00ed - Transpack Moving\" \/>\n<meta property=\"og:url\" content=\"https:\/\/www.transpackmoving.com\/cs\/podminky-pouziti\/\" \/>\n<meta property=\"og:site_name\" content=\"Transpack Moving\" \/>\n<meta property=\"article:modified_time\" content=\"2024-06-20T15:28:50+00:00\" \/>\n<meta property=\"og:image\" content=\"https:\/\/www.transpackmoving.com\/wp-content\/uploads\/2024\/06\/opengraph-1.png\" \/>\n\t<meta property=\"og:image:width\" content=\"1200\" \/>\n\t<meta property=\"og:image:height\" content=\"675\" \/>\n\t<meta property=\"og:image:type\" content=\"image\/png\" \/>\n<meta name=\"twitter:card\" content=\"summary_large_image\" \/>\n<meta name=\"twitter:label1\" content=\"Odhadovan\u00e1 doba \u010dten\u00ed\" \/>\n\t<meta name=\"twitter:data1\" content=\"1 minuta\" \/>\n<script type=\"application\/ld+json\" class=\"yoast-schema-graph\">{\"@context\":\"https:\/\/schema.org\",\"@graph\":[{\"@type\":\"WebPage\",\"@id\":\"https:\/\/www.transpackmoving.com\/cs\/podminky-pouziti\/\",\"url\":\"https:\/\/www.transpackmoving.com\/cs\/podminky-pouziti\/\",\"name\":\"Podm\u00ednky pou\u017eit\u00ed - Transpack Moving\",\"isPartOf\":{\"@id\":\"https:\/\/www.transpackmoving.com\/cs\/#website\"},\"datePublished\":\"2024-01-25T14:40:00+00:00\",\"dateModified\":\"2024-06-20T15:28:50+00:00\",\"breadcrumb\":{\"@id\":\"https:\/\/www.transpackmoving.com\/cs\/podminky-pouziti\/#breadcrumb\"},\"inLanguage\":\"cs\",\"potentialAction\":[{\"@type\":\"ReadAction\",\"target\":[\"https:\/\/www.transpackmoving.com\/cs\/podminky-pouziti\/\"]}]},{\"@type\":\"BreadcrumbList\",\"@id\":\"https:\/\/www.transpackmoving.com\/cs\/podminky-pouziti\/#breadcrumb\",\"itemListElement\":[{\"@type\":\"ListItem\",\"position\":1,\"name\":\"Home\",\"item\":\"https:\/\/www.transpackmoving.com\/cs\/\"},{\"@type\":\"ListItem\",\"position\":2,\"name\":\"Podm\u00ednky pou\u017eit\u00ed\"}]},{\"@type\":\"WebSite\",\"@id\":\"https:\/\/www.transpackmoving.com\/cs\/#website\",\"url\":\"https:\/\/www.transpackmoving.com\/cs\/\",\"name\":\"Transpack Moving\",\"description\":\"\",\"publisher\":{\"@id\":\"https:\/\/www.transpackmoving.com\/cs\/#organization\"},\"potentialAction\":[{\"@type\":\"SearchAction\",\"target\":{\"@type\":\"EntryPoint\",\"urlTemplate\":\"https:\/\/www.transpackmoving.com\/cs\/?s={search_term_string}\"},\"query-input\":{\"@type\":\"PropertyValueSpecification\",\"valueRequired\":true,\"valueName\":\"search_term_string\"}}],\"inLanguage\":\"cs\"},{\"@type\":\"Organization\",\"@id\":\"https:\/\/www.transpackmoving.com\/cs\/#organization\",\"name\":\"Transpack Moving\",\"url\":\"https:\/\/www.transpackmoving.com\/cs\/\",\"logo\":{\"@type\":\"ImageObject\",\"inLanguage\":\"cs\",\"@id\":\"https:\/\/www.transpackmoving.com\/cs\/#\/schema\/logo\/image\/\",\"url\":\"https:\/\/www.transpackmoving.com\/wp-content\/uploads\/2024\/02\/logo-zwart.png\",\"contentUrl\":\"https:\/\/www.transpackmoving.com\/wp-content\/uploads\/2024\/02\/logo-zwart.png\",\"width\":356,\"height\":88,\"caption\":\"Transpack Moving\"},\"image\":{\"@id\":\"https:\/\/www.transpackmoving.com\/cs\/#\/schema\/logo\/image\/\"}}]}<\/script>\n<!-- \/ Yoast SEO plugin. -->","yoast_head_json":{"title":"Podm\u00ednky pou\u017eit\u00ed - Transpack Moving","robots":{"index":"index","follow":"follow","max-snippet":"max-snippet:-1","max-image-preview":"max-image-preview:large","max-video-preview":"max-video-preview:-1"},"canonical":"https:\/\/www.transpackmoving.com\/cs\/podminky-pouziti\/","og_locale":"cs_CZ","og_type":"article","og_title":"Podm\u00ednky pou\u017eit\u00ed - Transpack Moving","og_url":"https:\/\/www.transpackmoving.com\/cs\/podminky-pouziti\/","og_site_name":"Transpack Moving","article_modified_time":"2024-06-20T15:28:50+00:00","og_image":[{"width":1200,"height":675,"url":"https:\/\/www.transpackmoving.com\/wp-content\/uploads\/2024\/06\/opengraph-1.png","type":"image\/png"}],"twitter_card":"summary_large_image","twitter_misc":{"Odhadovan\u00e1 doba \u010dten\u00ed":"1 minuta"},"schema":{"@context":"https:\/\/schema.org","@graph":[{"@type":"WebPage","@id":"https:\/\/www.transpackmoving.com\/cs\/podminky-pouziti\/","url":"https:\/\/www.transpackmoving.com\/cs\/podminky-pouziti\/","name":"Podm\u00ednky pou\u017eit\u00ed - Transpack Moving","isPartOf":{"@id":"https:\/\/www.transpackmoving.com\/cs\/#website"},"datePublished":"2024-01-25T14:40:00+00:00","dateModified":"2024-06-20T15:28:50+00:00","breadcrumb":{"@id":"https:\/\/www.transpackmoving.com\/cs\/podminky-pouziti\/#breadcrumb"},"inLanguage":"cs","potentialAction":[{"@type":"ReadAction","target":["https:\/\/www.transpackmoving.com\/cs\/podminky-pouziti\/"]}]},{"@type":"BreadcrumbList","@id":"https:\/\/www.transpackmoving.com\/cs\/podminky-pouziti\/#breadcrumb","itemListElement":[{"@type":"ListItem","position":1,"name":"Home","item":"https:\/\/www.transpackmoving.com\/cs\/"},{"@type":"ListItem","position":2,"name":"Podm\u00ednky pou\u017eit\u00ed"}]},{"@type":"WebSite","@id":"https:\/\/www.transpackmoving.com\/cs\/#website","url":"https:\/\/www.transpackmoving.com\/cs\/","name":"Transpack Moving","description":"","publisher":{"@id":"https:\/\/www.transpackmoving.com\/cs\/#organization"},"potentialAction":[{"@type":"SearchAction","target":{"@type":"EntryPoint","urlTemplate":"https:\/\/www.transpackmoving.com\/cs\/?s={search_term_string}"},"query-input":{"@type":"PropertyValueSpecification","valueRequired":true,"valueName":"search_term_string"}}],"inLanguage":"cs"},{"@type":"Organization","@id":"https:\/\/www.transpackmoving.com\/cs\/#organization","name":"Transpack Moving","url":"https:\/\/www.transpackmoving.com\/cs\/","logo":{"@type":"ImageObject","inLanguage":"cs","@id":"https:\/\/www.transpackmoving.com\/cs\/#\/schema\/logo\/image\/","url":"https:\/\/www.transpackmoving.com\/wp-content\/uploads\/2024\/02\/logo-zwart.png","contentUrl":"https:\/\/www.transpackmoving.com\/wp-content\/uploads\/2024\/02\/logo-zwart.png","width":356,"height":88,"caption":"Transpack Moving"},"image":{"@id":"https:\/\/www.transpackmoving.com\/cs\/#\/schema\/logo\/image\/"}}]}},"_links":{"self":[{"href":"https:\/\/www.transpackmoving.com\/cs\/wp-json\/wp\/v2\/pages\/4765","targetHints":{"allow":["GET"]}}],"collection":[{"href":"https:\/\/www.transpackmoving.com\/cs\/wp-json\/wp\/v2\/pages"}],"about":[{"href":"https:\/\/www.transpackmoving.com\/cs\/wp-json\/wp\/v2\/types\/page"}],"author":[{"embeddable":true,"href":"https:\/\/www.transpackmoving.com\/cs\/wp-json\/wp\/v2\/users\/2"}],"replies":[{"embeddable":true,"href":"https:\/\/www.transpackmoving.com\/cs\/wp-json\/wp\/v2\/comments?post=4765"}],"version-history":[{"count":6,"href":"https:\/\/www.transpackmoving.com\/cs\/wp-json\/wp\/v2\/pages\/4765\/revisions"}],"predecessor-version":[{"id":5079,"href":"https:\/\/www.transpackmoving.com\/cs\/wp-json\/wp\/v2\/pages\/4765\/revisions\/5079"}],"wp:attachment":[{"href":"https:\/\/www.transpackmoving.com\/cs\/wp-json\/wp\/v2\/media?parent=4765"}],"curies":[{"name":"wp","href":"https:\/\/api.w.org\/{rel}","templated":true}]}}