{"id":4690,"date":"2024-01-25T15:39:34","date_gmt":"2024-01-25T14:39:34","guid":{"rendered":"https:\/\/transpackmoving.websols.nl\/offerte-aanvragen\/"},"modified":"2024-06-20T17:28:50","modified_gmt":"2024-06-20T15:28:50","slug":"vyzadejte-si-cenovou-nabidku","status":"publish","type":"page","link":"https:\/\/www.transpackmoving.com\/cs\/vyzadejte-si-cenovou-nabidku\/","title":{"rendered":"Vy\u017e\u00e1dejte si cenovou nab\u00eddku"},"content":{"rendered":"\n<style type=\"text\/css\" data-created_by=\"avia_inline_auto\" id=\"style-css-av-akruik-ce9d08ea4e42d3322cec1dd18d6e9ded\">\n.avia-section.av-akruik-ce9d08ea4e42d3322cec1dd18d6e9ded{\nbackground-color:#ffffff;\nbackground-image:url(https:\/\/www.transpackmoving.com\/wp-content\/uploads\/2024\/03\/hero-rotterdam-day.jpg);\nbackground-repeat:no-repeat;\nbackground-position:50% 100%;\nbackground-attachment:scroll;\nz-index:99;\nposition:relative;\n}\n.av-curtain-footer.av-curtain-activated #main .avia-section.av-akruik-ce9d08ea4e42d3322cec1dd18d6e9ded{\nz-index:99;\n}\n<\/style>\n<div id='av_section_1'  class='avia-section av-akruik-ce9d08ea4e42d3322cec1dd18d6e9ded main_color avia-section-no-padding avia-no-border-styling  avia-builder-el-0  el_before_av_section  avia-builder-el-first  avia-bg-style-scroll av-custom-positioned av-minimum-height av-minimum-height-custom av-height-custom  container_wrap fullsize'  data-section-bg-repeat='no-repeat' data-av_minimum_height_px='630'><div class='container av-section-cont-open' style='height:630px'><main  role=\"main\" itemprop=\"mainContentOfPage\"  class='template-page content  av-content-full alpha units'><div class='post-entry post-entry-type-page post-entry-4690'><div class='entry-content-wrapper clearfix'>\n\n<style type=\"text\/css\" data-created_by=\"avia_inline_auto\" id=\"style-css-av-lth9jv4e-4ddf50cc327b61921024c7602daebd9e\">\n#top .hr.hr-invisible.av-lth9jv4e-4ddf50cc327b61921024c7602daebd9e{\nheight:250px;\n}\n<\/style>\n<div  class='hr av-lth9jv4e-4ddf50cc327b61921024c7602daebd9e hr-invisible  avia-builder-el-1  el_before_av_one_full  avia-builder-el-first  av-medium-hide av-small-hide av-mini-hide'><span class='hr-inner '><span class=\"hr-inner-style\"><\/span><\/span><\/div>\n\n<style type=\"text\/css\" data-created_by=\"avia_inline_auto\" id=\"style-css-av-7js0ss-6ab11949dea391644645279c4373d135\">\n@keyframes av_boxShadowEffect_av-7js0ss-6ab11949dea391644645279c4373d135-column {\n0%   { box-shadow:  0 0 0 0 rgba(0,0,0,0.2); opacity: 1; }\n100% { box-shadow:  0 0 10px 0 rgba(0,0,0,0.2); opacity: 1; }\n}\n#top .flex_column.av-7js0ss-6ab11949dea391644645279c4373d135{\nmargin-top:0px;\nmargin-bottom:0px;\n}\n.flex_column.av-7js0ss-6ab11949dea391644645279c4373d135{\nbox-shadow: 0 0 10px 0 rgba(0,0,0,0.2);\nborder-radius:15px 15px 15px 15px;\npadding:60px 60px 60px 60px;\nbackground-color:#ffffff;\n}\n.responsive #top #wrap_all .flex_column.av-7js0ss-6ab11949dea391644645279c4373d135{\nmargin-top:0px;\nmargin-bottom:0px;\n}\n\n@media only screen and (min-width: 990px){ \n#top .flex_column.av-7js0ss-6ab11949dea391644645279c4373d135{\nmargin-bottom:-250px;\n}\n.responsive #top #wrap_all .flex_column.av-7js0ss-6ab11949dea391644645279c4373d135{\nmargin-bottom:-250px;\n}\n}\n<\/style>\n<div  class='flex_column av-7js0ss-6ab11949dea391644645279c4373d135 av_one_full  avia-builder-el-2  el_after_av_hr  avia-builder-el-last  first flex_column_div shadow-not-animated  '     ><p>\n<style type=\"text\/css\" data-created_by=\"avia_inline_auto\" id=\"style-css-av-lt4kppoc-96c12dd9205595f6c6c972b226f16d39\">\n#top .av-special-heading.av-lt4kppoc-96c12dd9205595f6c6c972b226f16d39{\npadding-bottom:10px;\n}\nbody .av-special-heading.av-lt4kppoc-96c12dd9205595f6c6c972b226f16d39 .av-special-heading-tag .heading-char{\nfont-size:25px;\n}\n.av-special-heading.av-lt4kppoc-96c12dd9205595f6c6c972b226f16d39 .av-subheading{\nfont-size:15px;\n}\n<\/style>\n<div  class='av-special-heading av-lt4kppoc-96c12dd9205595f6c6c972b226f16d39 av-special-heading-h1 blockquote modern-quote  avia-builder-el-3  el_before_av_textblock  avia-builder-el-first '><h1 class='av-special-heading-tag '  itemprop=\"headline\"  >Vy\u017e\u00e1dejte si cenovou nab\u00eddku<\/h1><div class=\"special-heading-border\"><div class=\"special-heading-inner-border\"><\/div><\/div><\/div><br \/>\n<section  class='av_textblock_section av-6k0q7g-fd0f449547156733a4d7f5f50d345daa '   itemscope=\"itemscope\" itemtype=\"https:\/\/schema.org\/CreativeWork\" ><div class='avia_textblock'  itemprop=\"text\" ><p>Zaj\u00edmaj\u00ed v\u00e1s n\u00e1klady na st\u011bhov\u00e1n\u00ed va\u0161ich v\u011bc\u00ed do zahrani\u010d\u00ed? Abychom v\u00e1m co nejl\u00e9pe pomohli, vytvo\u0159ili jsme online formul\u00e1\u0159 pohybliv\u00e9 nab\u00eddky. Vypl\u0148te svou mezin\u00e1rodn\u00ed destinaci a po\u017eadovan\u00e9 slu\u017eby pomoc\u00ed n\u00ed\u017ee uveden\u00e9ho formul\u00e1\u0159e a do 24 hodin obdr\u017e\u00edte nez\u00e1vaznou nab\u00eddku st\u011bhov\u00e1n\u00ed na m\u00edru pro va\u0161e st\u011bhov\u00e1n\u00ed do zahrani\u010d\u00ed.<\/p>\n<\/div><\/section><\/p><\/div>\n\n<\/div><\/div><\/main><!-- close content main element --><\/div><\/div>\n<style type=\"text\/css\" data-created_by=\"avia_inline_auto\" id=\"style-css-av-4o1vsc-9783074d635bf4a7599e999630032b1e\">\n.avia-section.av-4o1vsc-9783074d635bf4a7599e999630032b1e{\nz-index:9;\nposition:relative;\n}\n.av-curtain-footer.av-curtain-activated #main .avia-section.av-4o1vsc-9783074d635bf4a7599e999630032b1e{\nz-index:9;\n}\n<\/style>\n<div id='offerte'  class='avia-section av-4o1vsc-9783074d635bf4a7599e999630032b1e main_color avia-section-default avia-no-border-styling  avia-builder-el-5  el_after_av_section  avia-builder-el-last  avia-bg-style-scroll av-custom-positioned container_wrap fullsize'  ><div class='container av-section-cont-open' ><div class='template-page content  av-content-full alpha units'><div class='post-entry post-entry-type-page post-entry-4690'><div class='entry-content-wrapper clearfix'>\n\n<style type=\"text\/css\" data-created_by=\"avia_inline_auto\" id=\"style-css-av-lth9mq8s-f7b5eb809c5c0e6f8d9b59e0be9774cf\">\n#top .hr.hr-invisible.av-lth9mq8s-f7b5eb809c5c0e6f8d9b59e0be9774cf{\nheight:100px;\n}\n<\/style>\n<div  class='hr av-lth9mq8s-f7b5eb809c5c0e6f8d9b59e0be9774cf hr-invisible  avia-builder-el-6  el_before_av_one_full  avia-builder-el-first  av-medium-hide av-small-hide av-mini-hide'><span class='hr-inner '><span class=\"hr-inner-style\"><\/span><\/span><\/div>\n\n<style type=\"text\/css\" data-created_by=\"avia_inline_auto\" id=\"style-css-av-lt4ks2er-ce3eea88127d83371413e67b2d148d27\">\n\n@media only screen and (min-width: 990px){ \n.flex_column.av-lt4ks2er-ce3eea88127d83371413e67b2d148d27{\npadding:0 200px 0 200px;\n}\n}\n<\/style>\n<div  class='flex_column av-lt4ks2er-ce3eea88127d83371413e67b2d148d27 av_one_full  avia-builder-el-7  el_after_av_hr  avia-builder-el-last  first flex_column_div  '     ><\/div>\n","protected":false},"excerpt":{"rendered":"","protected":false},"author":2,"featured_media":0,"parent":0,"menu_order":0,"comment_status":"closed","ping_status":"closed","template":"","meta":{"footnotes":""},"class_list":["post-4690","page","type-page","status-publish","hentry"],"yoast_head":"<!-- This site is optimized with the Yoast SEO plugin v26.6 - https:\/\/yoast.com\/wordpress\/plugins\/seo\/ -->\n<title>Vy\u017e\u00e1dejte si cenovou nab\u00eddku - Transpack Moving<\/title>\n<meta name=\"robots\" content=\"index, follow, max-snippet:-1, max-image-preview:large, max-video-preview:-1\" \/>\n<link rel=\"canonical\" href=\"https:\/\/www.transpackmoving.com\/cs\/vyzadejte-si-cenovou-nabidku\/\" \/>\n<meta property=\"og:locale\" content=\"cs_CZ\" \/>\n<meta property=\"og:type\" content=\"article\" \/>\n<meta property=\"og:title\" content=\"Vy\u017e\u00e1dejte si cenovou nab\u00eddku - Transpack Moving\" \/>\n<meta property=\"og:url\" content=\"https:\/\/www.transpackmoving.com\/cs\/vyzadejte-si-cenovou-nabidku\/\" \/>\n<meta property=\"og:site_name\" content=\"Transpack Moving\" \/>\n<meta property=\"article:modified_time\" content=\"2024-06-20T15:28:50+00:00\" \/>\n<meta property=\"og:image\" content=\"https:\/\/www.transpackmoving.com\/wp-content\/uploads\/2024\/06\/opengraph-1.png\" \/>\n\t<meta property=\"og:image:width\" content=\"1200\" \/>\n\t<meta property=\"og:image:height\" content=\"675\" \/>\n\t<meta property=\"og:image:type\" content=\"image\/png\" \/>\n<meta name=\"twitter:card\" content=\"summary_large_image\" \/>\n<meta name=\"twitter:label1\" content=\"Odhadovan\u00e1 doba \u010dten\u00ed\" \/>\n\t<meta name=\"twitter:data1\" content=\"1 minuta\" \/>\n<script type=\"application\/ld+json\" class=\"yoast-schema-graph\">{\"@context\":\"https:\/\/schema.org\",\"@graph\":[{\"@type\":\"WebPage\",\"@id\":\"https:\/\/www.transpackmoving.com\/cs\/vyzadejte-si-cenovou-nabidku\/\",\"url\":\"https:\/\/www.transpackmoving.com\/cs\/vyzadejte-si-cenovou-nabidku\/\",\"name\":\"Vy\u017e\u00e1dejte si cenovou nab\u00eddku - Transpack Moving\",\"isPartOf\":{\"@id\":\"https:\/\/www.transpackmoving.com\/cs\/#website\"},\"datePublished\":\"2024-01-25T14:39:34+00:00\",\"dateModified\":\"2024-06-20T15:28:50+00:00\",\"breadcrumb\":{\"@id\":\"https:\/\/www.transpackmoving.com\/cs\/vyzadejte-si-cenovou-nabidku\/#breadcrumb\"},\"inLanguage\":\"cs\",\"potentialAction\":[{\"@type\":\"ReadAction\",\"target\":[\"https:\/\/www.transpackmoving.com\/cs\/vyzadejte-si-cenovou-nabidku\/\"]}]},{\"@type\":\"BreadcrumbList\",\"@id\":\"https:\/\/www.transpackmoving.com\/cs\/vyzadejte-si-cenovou-nabidku\/#breadcrumb\",\"itemListElement\":[{\"@type\":\"ListItem\",\"position\":1,\"name\":\"Home\",\"item\":\"https:\/\/www.transpackmoving.com\/cs\/\"},{\"@type\":\"ListItem\",\"position\":2,\"name\":\"Vy\u017e\u00e1dejte si cenovou nab\u00eddku\"}]},{\"@type\":\"WebSite\",\"@id\":\"https:\/\/www.transpackmoving.com\/cs\/#website\",\"url\":\"https:\/\/www.transpackmoving.com\/cs\/\",\"name\":\"Transpack Moving\",\"description\":\"\",\"publisher\":{\"@id\":\"https:\/\/www.transpackmoving.com\/cs\/#organization\"},\"potentialAction\":[{\"@type\":\"SearchAction\",\"target\":{\"@type\":\"EntryPoint\",\"urlTemplate\":\"https:\/\/www.transpackmoving.com\/cs\/?s={search_term_string}\"},\"query-input\":{\"@type\":\"PropertyValueSpecification\",\"valueRequired\":true,\"valueName\":\"search_term_string\"}}],\"inLanguage\":\"cs\"},{\"@type\":\"Organization\",\"@id\":\"https:\/\/www.transpackmoving.com\/cs\/#organization\",\"name\":\"Transpack Moving\",\"url\":\"https:\/\/www.transpackmoving.com\/cs\/\",\"logo\":{\"@type\":\"ImageObject\",\"inLanguage\":\"cs\",\"@id\":\"https:\/\/www.transpackmoving.com\/cs\/#\/schema\/logo\/image\/\",\"url\":\"https:\/\/www.transpackmoving.com\/wp-content\/uploads\/2024\/02\/logo-zwart.png\",\"contentUrl\":\"https:\/\/www.transpackmoving.com\/wp-content\/uploads\/2024\/02\/logo-zwart.png\",\"width\":356,\"height\":88,\"caption\":\"Transpack Moving\"},\"image\":{\"@id\":\"https:\/\/www.transpackmoving.com\/cs\/#\/schema\/logo\/image\/\"}}]}<\/script>\n<!-- \/ Yoast SEO plugin. -->","yoast_head_json":{"title":"Vy\u017e\u00e1dejte si cenovou nab\u00eddku - Transpack Moving","robots":{"index":"index","follow":"follow","max-snippet":"max-snippet:-1","max-image-preview":"max-image-preview:large","max-video-preview":"max-video-preview:-1"},"canonical":"https:\/\/www.transpackmoving.com\/cs\/vyzadejte-si-cenovou-nabidku\/","og_locale":"cs_CZ","og_type":"article","og_title":"Vy\u017e\u00e1dejte si cenovou nab\u00eddku - Transpack Moving","og_url":"https:\/\/www.transpackmoving.com\/cs\/vyzadejte-si-cenovou-nabidku\/","og_site_name":"Transpack Moving","article_modified_time":"2024-06-20T15:28:50+00:00","og_image":[{"width":1200,"height":675,"url":"https:\/\/www.transpackmoving.com\/wp-content\/uploads\/2024\/06\/opengraph-1.png","type":"image\/png"}],"twitter_card":"summary_large_image","twitter_misc":{"Odhadovan\u00e1 doba \u010dten\u00ed":"1 minuta"},"schema":{"@context":"https:\/\/schema.org","@graph":[{"@type":"WebPage","@id":"https:\/\/www.transpackmoving.com\/cs\/vyzadejte-si-cenovou-nabidku\/","url":"https:\/\/www.transpackmoving.com\/cs\/vyzadejte-si-cenovou-nabidku\/","name":"Vy\u017e\u00e1dejte si cenovou nab\u00eddku - Transpack Moving","isPartOf":{"@id":"https:\/\/www.transpackmoving.com\/cs\/#website"},"datePublished":"2024-01-25T14:39:34+00:00","dateModified":"2024-06-20T15:28:50+00:00","breadcrumb":{"@id":"https:\/\/www.transpackmoving.com\/cs\/vyzadejte-si-cenovou-nabidku\/#breadcrumb"},"inLanguage":"cs","potentialAction":[{"@type":"ReadAction","target":["https:\/\/www.transpackmoving.com\/cs\/vyzadejte-si-cenovou-nabidku\/"]}]},{"@type":"BreadcrumbList","@id":"https:\/\/www.transpackmoving.com\/cs\/vyzadejte-si-cenovou-nabidku\/#breadcrumb","itemListElement":[{"@type":"ListItem","position":1,"name":"Home","item":"https:\/\/www.transpackmoving.com\/cs\/"},{"@type":"ListItem","position":2,"name":"Vy\u017e\u00e1dejte si cenovou nab\u00eddku"}]},{"@type":"WebSite","@id":"https:\/\/www.transpackmoving.com\/cs\/#website","url":"https:\/\/www.transpackmoving.com\/cs\/","name":"Transpack Moving","description":"","publisher":{"@id":"https:\/\/www.transpackmoving.com\/cs\/#organization"},"potentialAction":[{"@type":"SearchAction","target":{"@type":"EntryPoint","urlTemplate":"https:\/\/www.transpackmoving.com\/cs\/?s={search_term_string}"},"query-input":{"@type":"PropertyValueSpecification","valueRequired":true,"valueName":"search_term_string"}}],"inLanguage":"cs"},{"@type":"Organization","@id":"https:\/\/www.transpackmoving.com\/cs\/#organization","name":"Transpack Moving","url":"https:\/\/www.transpackmoving.com\/cs\/","logo":{"@type":"ImageObject","inLanguage":"cs","@id":"https:\/\/www.transpackmoving.com\/cs\/#\/schema\/logo\/image\/","url":"https:\/\/www.transpackmoving.com\/wp-content\/uploads\/2024\/02\/logo-zwart.png","contentUrl":"https:\/\/www.transpackmoving.com\/wp-content\/uploads\/2024\/02\/logo-zwart.png","width":356,"height":88,"caption":"Transpack Moving"},"image":{"@id":"https:\/\/www.transpackmoving.com\/cs\/#\/schema\/logo\/image\/"}}]}},"_links":{"self":[{"href":"https:\/\/www.transpackmoving.com\/cs\/wp-json\/wp\/v2\/pages\/4690","targetHints":{"allow":["GET"]}}],"collection":[{"href":"https:\/\/www.transpackmoving.com\/cs\/wp-json\/wp\/v2\/pages"}],"about":[{"href":"https:\/\/www.transpackmoving.com\/cs\/wp-json\/wp\/v2\/types\/page"}],"author":[{"embeddable":true,"href":"https:\/\/www.transpackmoving.com\/cs\/wp-json\/wp\/v2\/users\/2"}],"replies":[{"embeddable":true,"href":"https:\/\/www.transpackmoving.com\/cs\/wp-json\/wp\/v2\/comments?post=4690"}],"version-history":[{"count":8,"href":"https:\/\/www.transpackmoving.com\/cs\/wp-json\/wp\/v2\/pages\/4690\/revisions"}],"predecessor-version":[{"id":5080,"href":"https:\/\/www.transpackmoving.com\/cs\/wp-json\/wp\/v2\/pages\/4690\/revisions\/5080"}],"wp:attachment":[{"href":"https:\/\/www.transpackmoving.com\/cs\/wp-json\/wp\/v2\/media?parent=4690"}],"curies":[{"name":"wp","href":"https:\/\/api.w.org\/{rel}","templated":true}]}}